{"id":1602,"date":"2023-11-06T09:41:00","date_gmt":"2023-11-06T09:41:00","guid":{"rendered":"https:\/\/lourdessuarez.es\/?page_id=1602"},"modified":"2023-11-06T16:42:38","modified_gmt":"2023-11-06T16:42:38","slug":"women-in-the-art-2023-catalogue","status":"publish","type":"page","link":"https:\/\/lourdessuarez.es\/index.php\/women-in-the-art-2023-catalogue\/","title":{"rendered":"WOMEN IN THE ART 2023 Catalogue. Miami (Florida)"},"content":{"rendered":"<p id=\"https:\/\/www.instagram.com\/p\/CyjerQCsM2W\/?img_index=1\">En el siguiente enlace podr\u00e9is ver el Cat\u00e1logo 2023 de la Exposici\u00f3n Colectiva organizada por el <a href=\"https:\/\/www.museumamericas.com\/\">Museo de las Am\u00e9ricas<\/a> de Miami (Florida). En \u00e9l podemos ver publicada la obra expuesta \u00abNube de Color\u00bb<\/p><div class=\"wp-block-columns is-layout-flex wp-container-core-columns-is-layout-9d6595d7 wp-block-columns-is-layout-flex\"><div class=\"wp-block-column is-layout-flow wp-block-column-is-layout-flow\" style=\"flex-basis:25%\"><figure class=\"wp-block-image size-large\"><img fetchpriority=\"high\" decoding=\"async\" width=\"824\" height=\"1024\" src=\"http:\/\/lourdessuarez.es\/wp-content\/uploads\/2023\/11\/Portada-824x1024.jpg\" alt=\"\" class=\"wp-image-1608\" srcset=\"https:\/\/lourdessuarez.es\/wp-content\/uploads\/2023\/11\/Portada-824x1024.jpg 824w, https:\/\/lourdessuarez.es\/wp-content\/uploads\/2023\/11\/Portada-241x300.jpg 241w, https:\/\/lourdessuarez.es\/wp-content\/uploads\/2023\/11\/Portada-768x954.jpg 768w, https:\/\/lourdessuarez.es\/wp-content\/uploads\/2023\/11\/Portada-700x870.jpg 700w, https:\/\/lourdessuarez.es\/wp-content\/uploads\/2023\/11\/Portada.jpg 828w\" sizes=\"(max-width: 824px) 100vw, 824px\" \/><\/figure><\/div>\n\n<div class=\"wp-block-column is-layout-flow wp-block-column-is-layout-flow\" style=\"flex-basis:50%\"><figure class=\"wp-block-image size-full\"><img decoding=\"async\" width=\"828\" height=\"658\" src=\"https:\/\/lourdessuarez.es\/wp-content\/uploads\/2023\/11\/texto.png\" alt=\"\" class=\"wp-image-1621\" srcset=\"https:\/\/lourdessuarez.es\/wp-content\/uploads\/2023\/11\/texto.png 828w, https:\/\/lourdessuarez.es\/wp-content\/uploads\/2023\/11\/texto-300x238.png 300w, https:\/\/lourdessuarez.es\/wp-content\/uploads\/2023\/11\/texto-768x610.png 768w, https:\/\/lourdessuarez.es\/wp-content\/uploads\/2023\/11\/texto-700x556.png 700w\" sizes=\"(max-width: 828px) 100vw, 828px\" \/><\/figure><\/div>\n\n<div class=\"wp-block-column is-layout-flow wp-block-column-is-layout-flow\" style=\"flex-basis:25%\"><figure class=\"wp-block-image size-full\"><img decoding=\"async\" width=\"255\" height=\"320\" src=\"http:\/\/lourdessuarez.es\/wp-content\/uploads\/2023\/11\/Nombre.png\" alt=\"\" class=\"wp-image-1610\" srcset=\"https:\/\/lourdessuarez.es\/wp-content\/uploads\/2023\/11\/Nombre.png 255w, https:\/\/lourdessuarez.es\/wp-content\/uploads\/2023\/11\/Nombre-239x300.png 239w\" sizes=\"(max-width: 255px) 100vw, 255px\" \/><\/figure><\/div><\/div><div class=\"wp-block-columns is-layout-flex wp-container-core-columns-is-layout-9d6595d7 wp-block-columns-is-layout-flex\"><div class=\"wp-block-column is-layout-flow wp-block-column-is-layout-flow\"><figure class=\"wp-block-image size-large\"><img loading=\"lazy\" decoding=\"async\" width=\"823\" height=\"1024\" src=\"https:\/\/lourdessuarez.es\/wp-content\/uploads\/2023\/11\/Nube_de_color-1-823x1024.jpg\" alt=\"\" class=\"wp-image-1619\" srcset=\"https:\/\/lourdessuarez.es\/wp-content\/uploads\/2023\/11\/Nube_de_color-1-823x1024.jpg 823w, https:\/\/lourdessuarez.es\/wp-content\/uploads\/2023\/11\/Nube_de_color-1-241x300.jpg 241w, https:\/\/lourdessuarez.es\/wp-content\/uploads\/2023\/11\/Nube_de_color-1-768x955.jpg 768w, https:\/\/lourdessuarez.es\/wp-content\/uploads\/2023\/11\/Nube_de_color-1-700x871.jpg 700w, https:\/\/lourdessuarez.es\/wp-content\/uploads\/2023\/11\/Nube_de_color-1.jpg 828w\" sizes=\"(max-width: 823px) 100vw, 823px\" \/><\/figure><\/div><\/div>","protected":false},"excerpt":{"rendered":"<p>En el siguiente enlace podr\u00e9is ver el Cat\u00e1logo 2023 de la Exposici\u00f3n Colectiva organizada por el Museo de las Am\u00e9ricas de Miami (Florida). En \u00e9l podemos ver publicada la obra expuesta \u00abNube de Color\u00bb<\/p>\n","protected":false},"author":1,"featured_media":0,"parent":0,"menu_order":0,"comment_status":"closed","ping_status":"closed","template":"","meta":{"_kadence_starter_templates_imported_post":false,"footnotes":""},"class_list":["post-1602","page","type-page","status-publish","hentry"],"yoast_head":"<!-- This site is optimized with the Yoast SEO plugin v24.9 - https:\/\/yoast.com\/wordpress\/plugins\/seo\/ -->\n<title>WOMEN IN THE ART 2023 Catalogue. Miami (Florida) - Lourdes Su\u00e1rez<\/title>\n<meta name=\"robots\" content=\"index, follow, max-snippet:-1, max-image-preview:large, max-video-preview:-1\" \/>\n<link rel=\"canonical\" href=\"http:\/\/lourdessuarez.es\/index.php\/women-in-the-art-2023-catalogue\/\" \/>\n<meta property=\"og:locale\" content=\"es_ES\" \/>\n<meta property=\"og:type\" content=\"article\" \/>\n<meta property=\"og:title\" content=\"WOMEN IN THE ART 2023 Catalogue. Miami (Florida) - Lourdes Su\u00e1rez\" \/>\n<meta property=\"og:description\" content=\"En el siguiente enlace podr\u00e9is ver el Cat\u00e1logo 2023 de la Exposici\u00f3n Colectiva organizada por el Museo de las Am\u00e9ricas de Miami (Florida). En \u00e9l podemos ver publicada la obra expuesta \u00abNube de Color\u00bb\" \/>\n<meta property=\"og:url\" content=\"http:\/\/lourdessuarez.es\/index.php\/women-in-the-art-2023-catalogue\/\" \/>\n<meta property=\"og:site_name\" content=\"Lourdes Su\u00e1rez\" \/>\n<meta property=\"article:modified_time\" content=\"2023-11-06T16:42:38+00:00\" \/>\n<meta property=\"og:image\" content=\"http:\/\/lourdessuarez.es\/wp-content\/uploads\/2023\/11\/Portada-824x1024.jpg\" \/>\n<meta name=\"twitter:card\" content=\"summary_large_image\" \/>\n<script type=\"application\/ld+json\" class=\"yoast-schema-graph\">{\"@context\":\"https:\/\/schema.org\",\"@graph\":[{\"@type\":\"WebPage\",\"@id\":\"http:\/\/lourdessuarez.es\/index.php\/women-in-the-art-2023-catalogue\/\",\"url\":\"http:\/\/lourdessuarez.es\/index.php\/women-in-the-art-2023-catalogue\/\",\"name\":\"WOMEN IN THE ART 2023 Catalogue. Miami (Florida) - Lourdes Su\u00e1rez\",\"isPartOf\":{\"@id\":\"http:\/\/lourdessuarez.es\/#website\"},\"primaryImageOfPage\":{\"@id\":\"http:\/\/lourdessuarez.es\/index.php\/women-in-the-art-2023-catalogue\/#primaryimage\"},\"image\":{\"@id\":\"http:\/\/lourdessuarez.es\/index.php\/women-in-the-art-2023-catalogue\/#primaryimage\"},\"thumbnailUrl\":\"http:\/\/lourdessuarez.es\/wp-content\/uploads\/2023\/11\/Portada-824x1024.jpg\",\"datePublished\":\"2023-11-06T09:41:00+00:00\",\"dateModified\":\"2023-11-06T16:42:38+00:00\",\"breadcrumb\":{\"@id\":\"http:\/\/lourdessuarez.es\/index.php\/women-in-the-art-2023-catalogue\/#breadcrumb\"},\"inLanguage\":\"es\",\"potentialAction\":[{\"@type\":\"ReadAction\",\"target\":[\"http:\/\/lourdessuarez.es\/index.php\/women-in-the-art-2023-catalogue\/\"]}]},{\"@type\":\"ImageObject\",\"inLanguage\":\"es\",\"@id\":\"http:\/\/lourdessuarez.es\/index.php\/women-in-the-art-2023-catalogue\/#primaryimage\",\"url\":\"https:\/\/lourdessuarez.es\/wp-content\/uploads\/2023\/11\/Portada.jpg\",\"contentUrl\":\"https:\/\/lourdessuarez.es\/wp-content\/uploads\/2023\/11\/Portada.jpg\",\"width\":828,\"height\":1029},{\"@type\":\"BreadcrumbList\",\"@id\":\"http:\/\/lourdessuarez.es\/index.php\/women-in-the-art-2023-catalogue\/#breadcrumb\",\"itemListElement\":[{\"@type\":\"ListItem\",\"position\":1,\"name\":\"Portada\",\"item\":\"http:\/\/lourdessuarez.es\/\"},{\"@type\":\"ListItem\",\"position\":2,\"name\":\"WOMEN IN THE ART 2023 Catalogue. Miami (Florida)\"}]},{\"@type\":\"WebSite\",\"@id\":\"http:\/\/lourdessuarez.es\/#website\",\"url\":\"http:\/\/lourdessuarez.es\/\",\"name\":\"Lourdes Su\u00e1rez\",\"description\":\"\",\"potentialAction\":[{\"@type\":\"SearchAction\",\"target\":{\"@type\":\"EntryPoint\",\"urlTemplate\":\"http:\/\/lourdessuarez.es\/?s={search_term_string}\"},\"query-input\":{\"@type\":\"PropertyValueSpecification\",\"valueRequired\":true,\"valueName\":\"search_term_string\"}}],\"inLanguage\":\"es\"}]}<\/script>\n<!-- \/ Yoast SEO plugin. -->","yoast_head_json":{"title":"WOMEN IN THE ART 2023 Catalogue. Miami (Florida) - Lourdes Su\u00e1rez","robots":{"index":"index","follow":"follow","max-snippet":"max-snippet:-1","max-image-preview":"max-image-preview:large","max-video-preview":"max-video-preview:-1"},"canonical":"http:\/\/lourdessuarez.es\/index.php\/women-in-the-art-2023-catalogue\/","og_locale":"es_ES","og_type":"article","og_title":"WOMEN IN THE ART 2023 Catalogue. Miami (Florida) - Lourdes Su\u00e1rez","og_description":"En el siguiente enlace podr\u00e9is ver el Cat\u00e1logo 2023 de la Exposici\u00f3n Colectiva organizada por el Museo de las Am\u00e9ricas de Miami (Florida). En \u00e9l podemos ver publicada la obra expuesta \u00abNube de Color\u00bb","og_url":"http:\/\/lourdessuarez.es\/index.php\/women-in-the-art-2023-catalogue\/","og_site_name":"Lourdes Su\u00e1rez","article_modified_time":"2023-11-06T16:42:38+00:00","og_image":[{"url":"http:\/\/lourdessuarez.es\/wp-content\/uploads\/2023\/11\/Portada-824x1024.jpg","type":"","width":"","height":""}],"twitter_card":"summary_large_image","schema":{"@context":"https:\/\/schema.org","@graph":[{"@type":"WebPage","@id":"http:\/\/lourdessuarez.es\/index.php\/women-in-the-art-2023-catalogue\/","url":"http:\/\/lourdessuarez.es\/index.php\/women-in-the-art-2023-catalogue\/","name":"WOMEN IN THE ART 2023 Catalogue. Miami (Florida) - Lourdes Su\u00e1rez","isPartOf":{"@id":"http:\/\/lourdessuarez.es\/#website"},"primaryImageOfPage":{"@id":"http:\/\/lourdessuarez.es\/index.php\/women-in-the-art-2023-catalogue\/#primaryimage"},"image":{"@id":"http:\/\/lourdessuarez.es\/index.php\/women-in-the-art-2023-catalogue\/#primaryimage"},"thumbnailUrl":"http:\/\/lourdessuarez.es\/wp-content\/uploads\/2023\/11\/Portada-824x1024.jpg","datePublished":"2023-11-06T09:41:00+00:00","dateModified":"2023-11-06T16:42:38+00:00","breadcrumb":{"@id":"http:\/\/lourdessuarez.es\/index.php\/women-in-the-art-2023-catalogue\/#breadcrumb"},"inLanguage":"es","potentialAction":[{"@type":"ReadAction","target":["http:\/\/lourdessuarez.es\/index.php\/women-in-the-art-2023-catalogue\/"]}]},{"@type":"ImageObject","inLanguage":"es","@id":"http:\/\/lourdessuarez.es\/index.php\/women-in-the-art-2023-catalogue\/#primaryimage","url":"https:\/\/lourdessuarez.es\/wp-content\/uploads\/2023\/11\/Portada.jpg","contentUrl":"https:\/\/lourdessuarez.es\/wp-content\/uploads\/2023\/11\/Portada.jpg","width":828,"height":1029},{"@type":"BreadcrumbList","@id":"http:\/\/lourdessuarez.es\/index.php\/women-in-the-art-2023-catalogue\/#breadcrumb","itemListElement":[{"@type":"ListItem","position":1,"name":"Portada","item":"http:\/\/lourdessuarez.es\/"},{"@type":"ListItem","position":2,"name":"WOMEN IN THE ART 2023 Catalogue. Miami (Florida)"}]},{"@type":"WebSite","@id":"http:\/\/lourdessuarez.es\/#website","url":"http:\/\/lourdessuarez.es\/","name":"Lourdes Su\u00e1rez","description":"","potentialAction":[{"@type":"SearchAction","target":{"@type":"EntryPoint","urlTemplate":"http:\/\/lourdessuarez.es\/?s={search_term_string}"},"query-input":{"@type":"PropertyValueSpecification","valueRequired":true,"valueName":"search_term_string"}}],"inLanguage":"es"}]}},"_links":{"self":[{"href":"https:\/\/lourdessuarez.es\/index.php\/wp-json\/wp\/v2\/pages\/1602","targetHints":{"allow":["GET"]}}],"collection":[{"href":"https:\/\/lourdessuarez.es\/index.php\/wp-json\/wp\/v2\/pages"}],"about":[{"href":"https:\/\/lourdessuarez.es\/index.php\/wp-json\/wp\/v2\/types\/page"}],"author":[{"embeddable":true,"href":"https:\/\/lourdessuarez.es\/index.php\/wp-json\/wp\/v2\/users\/1"}],"replies":[{"embeddable":true,"href":"https:\/\/lourdessuarez.es\/index.php\/wp-json\/wp\/v2\/comments?post=1602"}],"version-history":[{"count":11,"href":"https:\/\/lourdessuarez.es\/index.php\/wp-json\/wp\/v2\/pages\/1602\/revisions"}],"predecessor-version":[{"id":1626,"href":"https:\/\/lourdessuarez.es\/index.php\/wp-json\/wp\/v2\/pages\/1602\/revisions\/1626"}],"wp:attachment":[{"href":"https:\/\/lourdessuarez.es\/index.php\/wp-json\/wp\/v2\/media?parent=1602"}],"curies":[{"name":"wp","href":"https:\/\/api.w.org\/{rel}","templated":true}]}}