{"id":1434,"date":"2023-02-06T08:36:24","date_gmt":"2023-02-06T08:36:24","guid":{"rendered":"http:\/\/lourdessuarez.es\/?page_id=1434"},"modified":"2023-02-08T10:26:29","modified_gmt":"2023-02-08T10:26:29","slug":"sobre-mi","status":"publish","type":"page","link":"http:\/\/lourdessuarez.es\/index.php\/sobre-mi\/","title":{"rendered":"Sobre m\u00ed"},"content":{"rendered":"<style>#kt-layout-id_63bf26-ef > .kt-row-column-wrap{align-content:start;}:where(#kt-layout-id_63bf26-ef > .kt-row-column-wrap) > .wp-block-kadence-column{justify-content:start;}#kt-layout-id_63bf26-ef > .kt-row-column-wrap{column-gap:var(--global-kb-gap-md, 2rem);row-gap:var(--global-kb-gap-md, 2rem);max-width:640px;padding-top:var( --global-kb-row-default-top, 25px );padding-bottom:var( --global-kb-row-default-bottom, 25px );padding-top:var(--global-kb-spacing-sm, 1.5rem);padding-bottom:var(--global-kb-spacing-sm, 1.5rem);grid-template-columns:minmax(0, 1fr);}#kt-layout-id_63bf26-ef > .kt-row-layout-overlay{opacity:0.30;}@media all and (max-width: 1024px){#kt-layout-id_63bf26-ef > .kt-row-column-wrap{grid-template-columns:minmax(0, 1fr);}}@media all and (max-width: 767px){#kt-layout-id_63bf26-ef > .kt-row-column-wrap{grid-template-columns:minmax(0, 1fr);}}<\/style>\n<div class=\"wp-block-kadence-rowlayout alignnone\"><div id=\"kt-layout-id_63bf26-ef\" class=\"kt-row-layout-inner kt-layout-id_63bf26-ef\"><div class=\"kt-row-column-wrap kt-has-1-columns kt-gutter-default kt-v-gutter-default kt-row-valign-top kt-row-layout-equal kt-tab-layout-inherit kt-m-colapse-left-to-right kt-mobile-layout-row kb-theme-content-width\"><style>.kadence-column_cd4839-f3 > .kt-inside-inner-col{border-top-width:0px;border-right-width:0px;border-bottom-width:0px;border-left-width:0px;}.kadence-column_cd4839-f3 > .kt-inside-inner-col,.kadence-column_cd4839-f3 > .kt-inside-inner-col:before{border-top-left-radius:0px;border-top-right-radius:0px;border-bottom-right-radius:0px;border-bottom-left-radius:0px;}.kadence-column_cd4839-f3 > .kt-inside-inner-col{column-gap:var(--global-kb-gap-sm, 1rem);}.kadence-column_cd4839-f3 > .kt-inside-inner-col{flex-direction:column;}.kadence-column_cd4839-f3 > .kt-inside-inner-col > .aligncenter{width:100%;}.kadence-column_cd4839-f3 > .kt-inside-inner-col:before{opacity:0.3;}.kadence-column_cd4839-f3{position:relative;}@media all and (max-width: 1024px){.kadence-column_cd4839-f3 > .kt-inside-inner-col{flex-direction:column;}}@media all and (max-width: 767px){.kadence-column_cd4839-f3 > .kt-inside-inner-col{flex-direction:column;}}<\/style>\n<div class=\"wp-block-kadence-column inner-column-1 kadence-column_cd4839-f3\"><div class=\"kt-inside-inner-col\"><div class=\"wp-block-columns is-layout-flex wp-container-core-columns-is-layout-9d6595d7 wp-block-columns-is-layout-flex\"><div class=\"wp-block-column is-layout-flow wp-block-column-is-layout-flow\" style=\"flex-basis:33.33%\"><figure class=\"wp-block-image size-large\"><img fetchpriority=\"high\" decoding=\"async\" width=\"820\" height=\"1024\" src=\"http:\/\/lourdessuarez.es\/wp-content\/uploads\/2023\/02\/PHOTO-2023-02-03-12-23-15-820x1024.jpg\" alt=\"\" class=\"wp-image-1440\" srcset=\"http:\/\/lourdessuarez.es\/wp-content\/uploads\/2023\/02\/PHOTO-2023-02-03-12-23-15-820x1024.jpg 820w, http:\/\/lourdessuarez.es\/wp-content\/uploads\/2023\/02\/PHOTO-2023-02-03-12-23-15-240x300.jpg 240w, http:\/\/lourdessuarez.es\/wp-content\/uploads\/2023\/02\/PHOTO-2023-02-03-12-23-15-768x959.jpg 768w, http:\/\/lourdessuarez.es\/wp-content\/uploads\/2023\/02\/PHOTO-2023-02-03-12-23-15-1231x1536.jpg 1231w, http:\/\/lourdessuarez.es\/wp-content\/uploads\/2023\/02\/PHOTO-2023-02-03-12-23-15-700x874.jpg 700w, http:\/\/lourdessuarez.es\/wp-content\/uploads\/2023\/02\/PHOTO-2023-02-03-12-23-15.jpg 1282w\" sizes=\"(max-width: 820px) 100vw, 820px\" \/><\/figure><\/div>\n\n<div class=\"wp-block-column is-layout-flow wp-block-column-is-layout-flow\" style=\"flex-basis:66.66%\"><style>.kadence-column_a67742-f3 > .kt-inside-inner-col{border-top-width:0px;border-right-width:0px;border-bottom-width:0px;border-left-width:0px;}.kadence-column_a67742-f3 > .kt-inside-inner-col,.kadence-column_a67742-f3 > .kt-inside-inner-col:before{border-top-left-radius:0px;border-top-right-radius:0px;border-bottom-right-radius:0px;border-bottom-left-radius:0px;}.kadence-column_a67742-f3 > .kt-inside-inner-col{column-gap:var(--global-kb-gap-sm, 1rem);}.kadence-column_a67742-f3 > .kt-inside-inner-col{flex-direction:column;}.kadence-column_a67742-f3 > .kt-inside-inner-col > .aligncenter{width:100%;}.kadence-column_a67742-f3 > .kt-inside-inner-col:before{opacity:0.3;}.kadence-column_a67742-f3{position:relative;}@media all and (max-width: 1024px){.kadence-column_a67742-f3 > .kt-inside-inner-col{flex-direction:column;}}@media all and (max-width: 767px){.kadence-column_a67742-f3 > .kt-inside-inner-col{flex-direction:column;}}<\/style>\n<div class=\"wp-block-kadence-column inner-column-1 kadence-column_a67742-f3\"><div class=\"kt-inside-inner-col\"><p><strong>LA PINTURA O LA FIESTA DE LAS EMOCIONES<\/strong>.<\/p>\n\n<p class=\"has-text-align-left has-medium-font-size\" style=\"text-decoration:none\">En cuanto pudo, Lourdes Su\u00e1rez encamin\u00f3 sus estudios hacia el mundo de la belleza, el color y la transmisi\u00f3n de sensaciones mediante la imagen. <\/p>\n\n<p class=\"has-text-align-left has-medium-font-size\" style=\"text-decoration:none\">Pronto comenz\u00f3 su andadura profesional, trabajando en infinidad de proyectos y sectores, sin renunciar nunca a sus principios y prioridades sobre la est\u00e9tica, la belleza y el arte. <\/p>\n\n<p class=\"has-text-align-left has-medium-font-size\" style=\"text-decoration:none\">La pintura encontr\u00f3 a Lourdes preparada para expresar tantas cosas, que pronto se hicieron inseparables. Enseguida comenz\u00f3 la fiesta de las emociones. <\/p>\n\n<p class=\"has-text-align-left has-medium-font-size\" style=\"text-decoration:none\">Parar ella pintar implica probar, fallar, acertar, expresar, curiosear, compartir. <\/p>\n\n<p class=\"has-text-align-left\">\u00ab<em>La obra de Su\u00e1rez se caracteriza por la utilizaci\u00f3n sobre el lienzo de colores radiantes y por el ritmo curvil\u00edneo que marca cada una de sus creaciones.<\/em>\u00bb (diarioarea.com)<\/p>\n\n<p class=\"has-text-align-left has-medium-font-size\" style=\"text-decoration:none\">Lourdes se emociona con mucha humildad cuando es capaz de conectar art\u00edsticamente con alguien y estar\u00eda encantada de que visitaras su trabajo. Y de atenderte. <\/p>\n\n<p class=\"has-text-align-left has-medium-font-size\" style=\"text-decoration:none\">Adelante.<\/p>\n\n<p><\/p><\/div><\/div><\/div><\/div><\/div><\/div><\/div><\/div><\/div><style>#kt-layout-id_7298a1-b9 > .kt-row-column-wrap{align-content:start;}:where(#kt-layout-id_7298a1-b9 > .kt-row-column-wrap) > .wp-block-kadence-column{justify-content:start;}#kt-layout-id_7298a1-b9 > .kt-row-column-wrap{column-gap:var(--global-kb-gap-md, 2rem);row-gap:var(--global-kb-gap-md, 2rem);max-width:640px;padding-top:var( --global-kb-row-default-top, 25px );padding-bottom:var( --global-kb-row-default-bottom, 25px );padding-top:50px;padding-bottom:50px;grid-template-columns:minmax(0, 1fr);}#kt-layout-id_7298a1-b9 > .kt-row-layout-overlay{opacity:0.30;}@media all and (max-width: 1024px){#kt-layout-id_7298a1-b9 > .kt-row-column-wrap{grid-template-columns:minmax(0, 1fr);}}@media all and (max-width: 767px){#kt-layout-id_7298a1-b9 > .kt-row-column-wrap{grid-template-columns:minmax(0, 1fr);}}<\/style>\n<div class=\"wp-block-kadence-rowlayout alignnone\"><div id=\"kt-layout-id_7298a1-b9\" class=\"kt-row-layout-inner kt-layout-id_7298a1-b9\"><div class=\"kt-row-column-wrap kt-has-1-columns kt-gutter-default kt-v-gutter-default kt-row-valign-top kt-row-layout-equal kt-tab-layout-inherit kt-m-colapse-left-to-right kt-mobile-layout-row kb-theme-content-width\"><style>.kadence-column_bd73d4-55 > .kt-inside-inner-col{border-top-width:0px;border-right-width:0px;border-bottom-width:0px;border-left-width:0px;}.kadence-column_bd73d4-55 > .kt-inside-inner-col,.kadence-column_bd73d4-55 > .kt-inside-inner-col:before{border-top-left-radius:0px;border-top-right-radius:0px;border-bottom-right-radius:0px;border-bottom-left-radius:0px;}.kadence-column_bd73d4-55 > .kt-inside-inner-col{column-gap:var(--global-kb-gap-sm, 1rem);}.kadence-column_bd73d4-55 > .kt-inside-inner-col{flex-direction:column;}.kadence-column_bd73d4-55 > .kt-inside-inner-col > .aligncenter{width:100%;}.kadence-column_bd73d4-55 > .kt-inside-inner-col:before{opacity:0.3;}.kadence-column_bd73d4-55{position:relative;}@media all and (max-width: 1024px){.kadence-column_bd73d4-55 > .kt-inside-inner-col{flex-direction:column;}}@media all and (max-width: 767px){.kadence-column_bd73d4-55 > .kt-inside-inner-col{flex-direction:column;}}<\/style>\n<div class=\"wp-block-kadence-column inner-column-1 kadence-column_bd73d4-55\"><div class=\"kt-inside-inner-col\"><figure class=\"wp-block-image size-large\"><img decoding=\"async\" width=\"819\" height=\"1024\" src=\"http:\/\/lourdessuarez.es\/wp-content\/uploads\/2023\/02\/PHOTO-2023-02-03-12-23-23-819x1024.jpg\" alt=\"\" class=\"wp-image-1441\" srcset=\"http:\/\/lourdessuarez.es\/wp-content\/uploads\/2023\/02\/PHOTO-2023-02-03-12-23-23-819x1024.jpg 819w, http:\/\/lourdessuarez.es\/wp-content\/uploads\/2023\/02\/PHOTO-2023-02-03-12-23-23-240x300.jpg 240w, http:\/\/lourdessuarez.es\/wp-content\/uploads\/2023\/02\/PHOTO-2023-02-03-12-23-23-768x960.jpg 768w, http:\/\/lourdessuarez.es\/wp-content\/uploads\/2023\/02\/PHOTO-2023-02-03-12-23-23-1229x1536.jpg 1229w, http:\/\/lourdessuarez.es\/wp-content\/uploads\/2023\/02\/PHOTO-2023-02-03-12-23-23-700x875.jpg 700w, http:\/\/lourdessuarez.es\/wp-content\/uploads\/2023\/02\/PHOTO-2023-02-03-12-23-23.jpg 1280w\" sizes=\"(max-width: 819px) 100vw, 819px\" \/><\/figure><\/div><\/div><\/div><\/div><\/div><style>#kt-layout-id_e85839-9a > .kt-row-column-wrap{align-content:start;}:where(#kt-layout-id_e85839-9a > .kt-row-column-wrap) > .wp-block-kadence-column{justify-content:start;}#kt-layout-id_e85839-9a > .kt-row-column-wrap{column-gap:var(--global-kb-gap-md, 2rem);row-gap:var(--global-kb-gap-md, 2rem);max-width:640px;padding-top:var( --global-kb-row-default-top, 25px );padding-bottom:var( --global-kb-row-default-bottom, 25px );padding-top:var(--global-kb-spacing-sm, 1.5rem);padding-bottom:var(--global-kb-spacing-sm, 1.5rem);grid-template-columns:minmax(0, 1fr);}#kt-layout-id_e85839-9a > .kt-row-layout-overlay{opacity:0.30;}@media all and (max-width: 1024px){#kt-layout-id_e85839-9a > .kt-row-column-wrap{grid-template-columns:minmax(0, 1fr);}}@media all and (max-width: 767px){#kt-layout-id_e85839-9a > .kt-row-column-wrap{grid-template-columns:minmax(0, 1fr);}}<\/style>\n<div class=\"wp-block-kadence-rowlayout alignnone\"><div id=\"kt-layout-id_e85839-9a\" class=\"kt-row-layout-inner kt-layout-id_e85839-9a\"><div class=\"kt-row-column-wrap kt-has-1-columns kt-gutter-default kt-v-gutter-default kt-row-valign-top kt-row-layout-equal kt-tab-layout-inherit kt-m-colapse-left-to-right kt-mobile-layout-row kb-theme-content-width\"><style>.kadence-column_39d26c-16 > .kt-inside-inner-col{border-top-width:0px;border-right-width:0px;border-bottom-width:0px;border-left-width:0px;}.kadence-column_39d26c-16 > .kt-inside-inner-col,.kadence-column_39d26c-16 > .kt-inside-inner-col:before{border-top-left-radius:0px;border-top-right-radius:0px;border-bottom-right-radius:0px;border-bottom-left-radius:0px;}.kadence-column_39d26c-16 > .kt-inside-inner-col{column-gap:var(--global-kb-gap-sm, 1rem);}.kadence-column_39d26c-16 > .kt-inside-inner-col{flex-direction:column;}.kadence-column_39d26c-16 > .kt-inside-inner-col > .aligncenter{width:100%;}.kadence-column_39d26c-16 > .kt-inside-inner-col:before{opacity:0.3;}.kadence-column_39d26c-16{position:relative;}@media all and (max-width: 1024px){.kadence-column_39d26c-16 > .kt-inside-inner-col{flex-direction:column;}}@media all and (max-width: 767px){.kadence-column_39d26c-16 > .kt-inside-inner-col{flex-direction:column;}}<\/style>\n<div class=\"wp-block-kadence-column inner-column-1 kadence-column_39d26c-16\"><div class=\"kt-inside-inner-col\"><\/div><\/div><\/div><\/div><\/div>","protected":false},"excerpt":{"rendered":"<p>LA PINTURA O LA FIESTA DE LAS EMOCIONES. En cuanto pudo, Lourdes Su\u00e1rez encamin\u00f3 sus estudios hacia el mundo de la belleza, el color y la transmisi\u00f3n de sensaciones mediante la imagen. Pronto comenz\u00f3 su andadura profesional, trabajando en infinidad de proyectos y sectores, sin renunciar nunca a sus principios y prioridades sobre la est\u00e9tica, [&hellip;]<\/p>\n","protected":false},"author":1,"featured_media":0,"parent":0,"menu_order":0,"comment_status":"closed","ping_status":"closed","template":"","meta":{"_kadence_starter_templates_imported_post":false,"footnotes":""},"class_list":["post-1434","page","type-page","status-publish","hentry"],"yoast_head":"<!-- This site is optimized with the Yoast SEO plugin v24.9 - https:\/\/yoast.com\/wordpress\/plugins\/seo\/ -->\n<title>Sobre m\u00ed - Lourdes Su\u00e1rez<\/title>\n<meta name=\"robots\" content=\"index, follow, max-snippet:-1, max-image-preview:large, max-video-preview:-1\" \/>\n<link rel=\"canonical\" href=\"http:\/\/lourdessuarez.es\/index.php\/sobre-mi\/\" \/>\n<meta property=\"og:locale\" content=\"es_ES\" \/>\n<meta property=\"og:type\" content=\"article\" \/>\n<meta property=\"og:title\" content=\"Sobre m\u00ed - Lourdes Su\u00e1rez\" \/>\n<meta property=\"og:description\" content=\"LA PINTURA O LA FIESTA DE LAS EMOCIONES. En cuanto pudo, Lourdes Su\u00e1rez encamin\u00f3 sus estudios hacia el mundo de la belleza, el color y la transmisi\u00f3n de sensaciones mediante la imagen. Pronto comenz\u00f3 su andadura profesional, trabajando en infinidad de proyectos y sectores, sin renunciar nunca a sus principios y prioridades sobre la est\u00e9tica, [&hellip;]\" \/>\n<meta property=\"og:url\" content=\"http:\/\/lourdessuarez.es\/index.php\/sobre-mi\/\" \/>\n<meta property=\"og:site_name\" content=\"Lourdes Su\u00e1rez\" \/>\n<meta property=\"article:modified_time\" content=\"2023-02-08T10:26:29+00:00\" \/>\n<meta property=\"og:image\" content=\"http:\/\/lourdessuarez.es\/wp-content\/uploads\/2023\/02\/PHOTO-2023-02-03-12-23-15-820x1024.jpg\" \/>\n<meta name=\"twitter:card\" content=\"summary_large_image\" \/>\n<meta name=\"twitter:label1\" content=\"Tiempo de lectura\" \/>\n\t<meta name=\"twitter:data1\" content=\"2 minutos\" \/>\n<script type=\"application\/ld+json\" class=\"yoast-schema-graph\">{\"@context\":\"https:\/\/schema.org\",\"@graph\":[{\"@type\":\"WebPage\",\"@id\":\"http:\/\/lourdessuarez.es\/index.php\/sobre-mi\/\",\"url\":\"http:\/\/lourdessuarez.es\/index.php\/sobre-mi\/\",\"name\":\"Sobre m\u00ed - Lourdes Su\u00e1rez\",\"isPartOf\":{\"@id\":\"http:\/\/lourdessuarez.es\/#website\"},\"primaryImageOfPage\":{\"@id\":\"http:\/\/lourdessuarez.es\/index.php\/sobre-mi\/#primaryimage\"},\"image\":{\"@id\":\"http:\/\/lourdessuarez.es\/index.php\/sobre-mi\/#primaryimage\"},\"thumbnailUrl\":\"http:\/\/lourdessuarez.es\/wp-content\/uploads\/2023\/02\/PHOTO-2023-02-03-12-23-15-820x1024.jpg\",\"datePublished\":\"2023-02-06T08:36:24+00:00\",\"dateModified\":\"2023-02-08T10:26:29+00:00\",\"breadcrumb\":{\"@id\":\"http:\/\/lourdessuarez.es\/index.php\/sobre-mi\/#breadcrumb\"},\"inLanguage\":\"es\",\"potentialAction\":[{\"@type\":\"ReadAction\",\"target\":[\"http:\/\/lourdessuarez.es\/index.php\/sobre-mi\/\"]}]},{\"@type\":\"ImageObject\",\"inLanguage\":\"es\",\"@id\":\"http:\/\/lourdessuarez.es\/index.php\/sobre-mi\/#primaryimage\",\"url\":\"http:\/\/lourdessuarez.es\/wp-content\/uploads\/2023\/02\/PHOTO-2023-02-03-12-23-15-820x1024.jpg\",\"contentUrl\":\"http:\/\/lourdessuarez.es\/wp-content\/uploads\/2023\/02\/PHOTO-2023-02-03-12-23-15-820x1024.jpg\"},{\"@type\":\"BreadcrumbList\",\"@id\":\"http:\/\/lourdessuarez.es\/index.php\/sobre-mi\/#breadcrumb\",\"itemListElement\":[{\"@type\":\"ListItem\",\"position\":1,\"name\":\"Portada\",\"item\":\"http:\/\/lourdessuarez.es\/\"},{\"@type\":\"ListItem\",\"position\":2,\"name\":\"Sobre m\u00ed\"}]},{\"@type\":\"WebSite\",\"@id\":\"http:\/\/lourdessuarez.es\/#website\",\"url\":\"http:\/\/lourdessuarez.es\/\",\"name\":\"Lourdes Su\u00e1rez\",\"description\":\"\",\"potentialAction\":[{\"@type\":\"SearchAction\",\"target\":{\"@type\":\"EntryPoint\",\"urlTemplate\":\"http:\/\/lourdessuarez.es\/?s={search_term_string}\"},\"query-input\":{\"@type\":\"PropertyValueSpecification\",\"valueRequired\":true,\"valueName\":\"search_term_string\"}}],\"inLanguage\":\"es\"}]}<\/script>\n<!-- \/ Yoast SEO plugin. -->","yoast_head_json":{"title":"Sobre m\u00ed - Lourdes Su\u00e1rez","robots":{"index":"index","follow":"follow","max-snippet":"max-snippet:-1","max-image-preview":"max-image-preview:large","max-video-preview":"max-video-preview:-1"},"canonical":"http:\/\/lourdessuarez.es\/index.php\/sobre-mi\/","og_locale":"es_ES","og_type":"article","og_title":"Sobre m\u00ed - Lourdes Su\u00e1rez","og_description":"LA PINTURA O LA FIESTA DE LAS EMOCIONES. En cuanto pudo, Lourdes Su\u00e1rez encamin\u00f3 sus estudios hacia el mundo de la belleza, el color y la transmisi\u00f3n de sensaciones mediante la imagen. Pronto comenz\u00f3 su andadura profesional, trabajando en infinidad de proyectos y sectores, sin renunciar nunca a sus principios y prioridades sobre la est\u00e9tica, [&hellip;]","og_url":"http:\/\/lourdessuarez.es\/index.php\/sobre-mi\/","og_site_name":"Lourdes Su\u00e1rez","article_modified_time":"2023-02-08T10:26:29+00:00","og_image":[{"url":"http:\/\/lourdessuarez.es\/wp-content\/uploads\/2023\/02\/PHOTO-2023-02-03-12-23-15-820x1024.jpg","type":"","width":"","height":""}],"twitter_card":"summary_large_image","twitter_misc":{"Tiempo de lectura":"2 minutos"},"schema":{"@context":"https:\/\/schema.org","@graph":[{"@type":"WebPage","@id":"http:\/\/lourdessuarez.es\/index.php\/sobre-mi\/","url":"http:\/\/lourdessuarez.es\/index.php\/sobre-mi\/","name":"Sobre m\u00ed - Lourdes Su\u00e1rez","isPartOf":{"@id":"http:\/\/lourdessuarez.es\/#website"},"primaryImageOfPage":{"@id":"http:\/\/lourdessuarez.es\/index.php\/sobre-mi\/#primaryimage"},"image":{"@id":"http:\/\/lourdessuarez.es\/index.php\/sobre-mi\/#primaryimage"},"thumbnailUrl":"http:\/\/lourdessuarez.es\/wp-content\/uploads\/2023\/02\/PHOTO-2023-02-03-12-23-15-820x1024.jpg","datePublished":"2023-02-06T08:36:24+00:00","dateModified":"2023-02-08T10:26:29+00:00","breadcrumb":{"@id":"http:\/\/lourdessuarez.es\/index.php\/sobre-mi\/#breadcrumb"},"inLanguage":"es","potentialAction":[{"@type":"ReadAction","target":["http:\/\/lourdessuarez.es\/index.php\/sobre-mi\/"]}]},{"@type":"ImageObject","inLanguage":"es","@id":"http:\/\/lourdessuarez.es\/index.php\/sobre-mi\/#primaryimage","url":"http:\/\/lourdessuarez.es\/wp-content\/uploads\/2023\/02\/PHOTO-2023-02-03-12-23-15-820x1024.jpg","contentUrl":"http:\/\/lourdessuarez.es\/wp-content\/uploads\/2023\/02\/PHOTO-2023-02-03-12-23-15-820x1024.jpg"},{"@type":"BreadcrumbList","@id":"http:\/\/lourdessuarez.es\/index.php\/sobre-mi\/#breadcrumb","itemListElement":[{"@type":"ListItem","position":1,"name":"Portada","item":"http:\/\/lourdessuarez.es\/"},{"@type":"ListItem","position":2,"name":"Sobre m\u00ed"}]},{"@type":"WebSite","@id":"http:\/\/lourdessuarez.es\/#website","url":"http:\/\/lourdessuarez.es\/","name":"Lourdes Su\u00e1rez","description":"","potentialAction":[{"@type":"SearchAction","target":{"@type":"EntryPoint","urlTemplate":"http:\/\/lourdessuarez.es\/?s={search_term_string}"},"query-input":{"@type":"PropertyValueSpecification","valueRequired":true,"valueName":"search_term_string"}}],"inLanguage":"es"}]}},"_links":{"self":[{"href":"http:\/\/lourdessuarez.es\/index.php\/wp-json\/wp\/v2\/pages\/1434","targetHints":{"allow":["GET"]}}],"collection":[{"href":"http:\/\/lourdessuarez.es\/index.php\/wp-json\/wp\/v2\/pages"}],"about":[{"href":"http:\/\/lourdessuarez.es\/index.php\/wp-json\/wp\/v2\/types\/page"}],"author":[{"embeddable":true,"href":"http:\/\/lourdessuarez.es\/index.php\/wp-json\/wp\/v2\/users\/1"}],"replies":[{"embeddable":true,"href":"http:\/\/lourdessuarez.es\/index.php\/wp-json\/wp\/v2\/comments?post=1434"}],"version-history":[{"count":2,"href":"http:\/\/lourdessuarez.es\/index.php\/wp-json\/wp\/v2\/pages\/1434\/revisions"}],"predecessor-version":[{"id":1510,"href":"http:\/\/lourdessuarez.es\/index.php\/wp-json\/wp\/v2\/pages\/1434\/revisions\/1510"}],"wp:attachment":[{"href":"http:\/\/lourdessuarez.es\/index.php\/wp-json\/wp\/v2\/media?parent=1434"}],"curies":[{"name":"wp","href":"https:\/\/api.w.org\/{rel}","templated":true}]}}